{"id":27813,"date":"2019-01-08T18:25:01","date_gmt":"2019-01-08T17:25:01","guid":{"rendered":"https:\/\/conversesacatalunya.cat\/qui-som\/"},"modified":"2021-12-06T13:40:26","modified_gmt":"2021-12-06T12:40:26","slug":"quienes-somos","status":"publish","type":"page","link":"https:\/\/conversesacatalunya.cat\/es\/quienes-somos\/","title":{"rendered":"Qui\u00e9nes somos"},"content":{"rendered":"<section class=\"l-section wpb_row height_small\"><div class=\"l-section-h i-cf\"><div class=\"g-cols vc_row via_flex valign_top type_default stacking_default\"><div class=\"vc_col-sm-12 wpb_column vc_column_container\"><div class=\"vc_column-inner\"><div class=\"wpb_wrapper\"><div class=\"wpb_text_column\"><div class=\"wpb_wrapper\"><h1>Qui\u00e9nes somos<\/h1>\n<div id=\"gtx-trans\" style=\"position: absolute; left: 128px; top: 70px;\">\n<div class=\"gtx-trans-icon\"><\/div>\n<\/div>\n<\/div><\/div><div class=\"w-separator size_small\"><\/div><div class=\"wpb_text_column\"><div class=\"wpb_wrapper\"><p>Constituimos un conjunto de personas procedentes de diferentes experiencias, unidas por la voluntad de trabajar juntos para favorecer la configuraci\u00f3n de un gran espacio central en la pol\u00edtica catalana.<\/p>\n<p>Nos proponemos estimular una nueva cultura pol\u00edtica fundamentada en la competencia positiva, el di\u00e1logo transaccional y la b\u00fasqueda de acuerdos para generar sinergias positivas entre los actores pol\u00edticos,<br \/>\nsociales, culturales y econ\u00f3micos.<\/p>\n<p>Queremos incentivar espacio para la conversaci\u00f3n entre todo tipo de personas y grupos e instituciones, que estructuran la sociedad civil, y promover una red transversal, una comunidad de relaciones de respeto y mutuo enriquecimiento, que potencie las capacidades pol\u00edticas y culturales de sus miembros, propiciando la m\u00e1xima difusi\u00f3n de sus prop\u00f3sitos e iniciativas, sobre todo a trav\u00e9s de internet.<\/p>\n<p>Tenemos como finalidad llegar directamente al m\u00e1ximo n\u00famero de ciudadanos e interactuar con ellos. El grupo inicial est\u00e1 formado por:<\/p>\n<ul>\n<li>Jordi Alberich<\/li>\n<li>Eugeni Gay<\/li>\n<li>Jaume Grego<\/li>\n<li>Jaime Lanaspa<\/li>\n<li>Juan Jos\u00e9 L\u00f3pez Burniol<\/li>\n<li>Carlos Losada<\/li>\n<li>Josep Mir\u00f3 i Ard\u00e8vol<\/li>\n<li>Jos\u00e9 Luis Oller-Ari\u00f1o<\/li>\n<li>Alfredo Pastor<\/li>\n<li>F\u00e9lix Riera<\/li>\n<li>Mario Romeo<\/li>\n<li>Jos\u00e9 Emilio Sierra<\/li>\n<li>Manel Silva<\/li>\n<li>Josep Vila<\/li>\n<\/ul>\n<div id=\"gtx-trans\" style=\"position: absolute; left: -23px; top: 353px;\">\n<div class=\"gtx-trans-icon\"><\/div>\n<\/div>\n<\/div><\/div><div class=\"w-separator size_small\"><\/div><div class=\"w-actionbox color_light controls_right\"><div class=\"w-actionbox-text\"><h2 class=\"w-actionbox-title\">\u00bfQuieres colaborar?<\/h2><\/div><div class=\"w-actionbox-controls\"><a class=\"w-btn us-btn-style_1\" title=\"Vols col\u00b7laborar?\" href=\"https:\/\/conversesacatalunya.cat\/es\/quieres-colaborar\/\"><span class=\"w-btn-label\">\u00a1Haz click aqu\u00ed!<\/span><\/a><\/div><\/div><\/div><\/div><\/div><\/div><\/div><\/section>\n","protected":false},"excerpt":{"rendered":"Qui\u00e9nes somos Constituimos un conjunto de personas procedentes de diferentes experiencias, unidas por la voluntad de trabajar juntos para favorecer la configuraci\u00f3n de un gran espacio central en la pol\u00edtica catalana. Nos proponemos estimular una nueva cultura pol\u00edtica fundamentada en la competencia positiva, el di\u00e1logo transaccional y la b\u00fasqueda de acuerdos para generar sinergias positivas entre los actores pol\u00edticos, sociales, culturales y econ\u00f3micos. Queremos incentivar espacio para la conversaci\u00f3n entre todo tipo de personas y grupos e instituciones, que estructuran la sociedad civil, y promover una red transversal, una comunidad de relaciones de respeto y mutuo enriquecimiento, que potencie las capacidades pol\u00edticas y culturales de sus miembros, propiciando la m\u00e1xima difusi\u00f3n de sus prop\u00f3sitos e iniciativas, sobre todo a trav\u00e9s de internet. Tenemos como finalidad llegar directamente al m\u00e1ximo n\u00famero de ciudadanos e interactuar con ellos. El grupo inicial est\u00e1 formado por: Jordi Alberich Eugeni Gay Jaume Grego Jaime Lanaspa Juan Jos\u00e9 L\u00f3pez Burniol Carlos Losada Josep Mir\u00f3 i Ard\u00e8vol Jos\u00e9 Luis Oller-Ari\u00f1o Alfredo Pastor F\u00e9lix Riera Mario Romeo Jos\u00e9 Emilio Sierra Manel Silva Josep Vila \u00bfQuieres colaborar?\u00a1Haz click aqu\u00ed!","protected":false},"author":1,"featured_media":0,"parent":0,"menu_order":0,"comment_status":"closed","ping_status":"closed","template":"","meta":{"_FSMCFIC_featured_image_caption":"","_FSMCFIC_featured_image_nocaption":"","_FSMCFIC_featured_image_hide":"","footnotes":""},"class_list":["post-27813","page","type-page","status-publish","hentry"],"yoast_head":"<!-- This site is optimized with the Yoast SEO plugin v26.8 - https:\/\/yoast.com\/product\/yoast-seo-wordpress\/ -->\n<title>Qui\u00e9nes somos - Converses a Catalunya<\/title>\n<meta name=\"robots\" content=\"noindex, follow\" \/>\n<meta property=\"og:locale\" content=\"es_ES\" \/>\n<meta property=\"og:type\" content=\"article\" \/>\n<meta property=\"og:title\" content=\"Qui\u00e9nes somos - Converses a Catalunya\" \/>\n<meta property=\"og:url\" content=\"https:\/\/conversesacatalunya.cat\/es\/quienes-somos\/\" \/>\n<meta property=\"og:site_name\" content=\"Converses a Catalunya\" \/>\n<meta property=\"article:modified_time\" content=\"2021-12-06T12:40:26+00:00\" \/>\n<meta name=\"twitter:card\" content=\"summary_large_image\" \/>\n<meta name=\"twitter:label1\" content=\"Tiempo de lectura\" \/>\n\t<meta name=\"twitter:data1\" content=\"1 minuto\" \/>\n<script type=\"application\/ld+json\" class=\"yoast-schema-graph\">{\"@context\":\"https:\/\/schema.org\",\"@graph\":[{\"@type\":\"WebPage\",\"@id\":\"https:\/\/conversesacatalunya.cat\/es\/quienes-somos\/\",\"url\":\"https:\/\/conversesacatalunya.cat\/es\/quienes-somos\/\",\"name\":\"Qui\u00e9nes somos - Converses a Catalunya\",\"isPartOf\":{\"@id\":\"https:\/\/conversesacatalunya.cat\/#website\"},\"datePublished\":\"2019-01-08T17:25:01+00:00\",\"dateModified\":\"2021-12-06T12:40:26+00:00\",\"breadcrumb\":{\"@id\":\"https:\/\/conversesacatalunya.cat\/es\/quienes-somos\/#breadcrumb\"},\"inLanguage\":\"es\",\"potentialAction\":[{\"@type\":\"ReadAction\",\"target\":[\"https:\/\/conversesacatalunya.cat\/es\/quienes-somos\/\"]}]},{\"@type\":\"BreadcrumbList\",\"@id\":\"https:\/\/conversesacatalunya.cat\/es\/quienes-somos\/#breadcrumb\",\"itemListElement\":[{\"@type\":\"ListItem\",\"position\":1,\"name\":\"Inici\",\"item\":\"https:\/\/conversesacatalunya.cat\/es\/\"},{\"@type\":\"ListItem\",\"position\":2,\"name\":\"Qui\u00e9nes somos\"}]},{\"@type\":\"WebSite\",\"@id\":\"https:\/\/conversesacatalunya.cat\/#website\",\"url\":\"https:\/\/conversesacatalunya.cat\/\",\"name\":\"Converses a Catalunya\",\"description\":\"\",\"potentialAction\":[{\"@type\":\"SearchAction\",\"target\":{\"@type\":\"EntryPoint\",\"urlTemplate\":\"https:\/\/conversesacatalunya.cat\/?s={search_term_string}\"},\"query-input\":{\"@type\":\"PropertyValueSpecification\",\"valueRequired\":true,\"valueName\":\"search_term_string\"}}],\"inLanguage\":\"es\"}]}<\/script>\n<!-- \/ Yoast SEO plugin. -->","yoast_head_json":{"title":"Qui\u00e9nes somos - Converses a Catalunya","robots":{"index":"noindex","follow":"follow"},"og_locale":"es_ES","og_type":"article","og_title":"Qui\u00e9nes somos - Converses a Catalunya","og_url":"https:\/\/conversesacatalunya.cat\/es\/quienes-somos\/","og_site_name":"Converses a Catalunya","article_modified_time":"2021-12-06T12:40:26+00:00","twitter_card":"summary_large_image","twitter_misc":{"Tiempo de lectura":"1 minuto"},"schema":{"@context":"https:\/\/schema.org","@graph":[{"@type":"WebPage","@id":"https:\/\/conversesacatalunya.cat\/es\/quienes-somos\/","url":"https:\/\/conversesacatalunya.cat\/es\/quienes-somos\/","name":"Qui\u00e9nes somos - Converses a Catalunya","isPartOf":{"@id":"https:\/\/conversesacatalunya.cat\/#website"},"datePublished":"2019-01-08T17:25:01+00:00","dateModified":"2021-12-06T12:40:26+00:00","breadcrumb":{"@id":"https:\/\/conversesacatalunya.cat\/es\/quienes-somos\/#breadcrumb"},"inLanguage":"es","potentialAction":[{"@type":"ReadAction","target":["https:\/\/conversesacatalunya.cat\/es\/quienes-somos\/"]}]},{"@type":"BreadcrumbList","@id":"https:\/\/conversesacatalunya.cat\/es\/quienes-somos\/#breadcrumb","itemListElement":[{"@type":"ListItem","position":1,"name":"Inici","item":"https:\/\/conversesacatalunya.cat\/es\/"},{"@type":"ListItem","position":2,"name":"Qui\u00e9nes somos"}]},{"@type":"WebSite","@id":"https:\/\/conversesacatalunya.cat\/#website","url":"https:\/\/conversesacatalunya.cat\/","name":"Converses a Catalunya","description":"","potentialAction":[{"@type":"SearchAction","target":{"@type":"EntryPoint","urlTemplate":"https:\/\/conversesacatalunya.cat\/?s={search_term_string}"},"query-input":{"@type":"PropertyValueSpecification","valueRequired":true,"valueName":"search_term_string"}}],"inLanguage":"es"}]}},"wps_subtitle":"","_links":{"self":[{"href":"https:\/\/conversesacatalunya.cat\/es\/wp-json\/wp\/v2\/pages\/27813","targetHints":{"allow":["GET"]}}],"collection":[{"href":"https:\/\/conversesacatalunya.cat\/es\/wp-json\/wp\/v2\/pages"}],"about":[{"href":"https:\/\/conversesacatalunya.cat\/es\/wp-json\/wp\/v2\/types\/page"}],"author":[{"embeddable":true,"href":"https:\/\/conversesacatalunya.cat\/es\/wp-json\/wp\/v2\/users\/1"}],"replies":[{"embeddable":true,"href":"https:\/\/conversesacatalunya.cat\/es\/wp-json\/wp\/v2\/comments?post=27813"}],"version-history":[{"count":3,"href":"https:\/\/conversesacatalunya.cat\/es\/wp-json\/wp\/v2\/pages\/27813\/revisions"}],"predecessor-version":[{"id":27846,"href":"https:\/\/conversesacatalunya.cat\/es\/wp-json\/wp\/v2\/pages\/27813\/revisions\/27846"}],"wp:attachment":[{"href":"https:\/\/conversesacatalunya.cat\/es\/wp-json\/wp\/v2\/media?parent=27813"}],"curies":[{"name":"wp","href":"https:\/\/api.w.org\/{rel}","templated":true}]}}