{"id":27808,"date":"2019-01-18T15:07:26","date_gmt":"2019-01-18T14:07:26","guid":{"rendered":"https:\/\/conversesacatalunya.cat\/vols-collaborar\/"},"modified":"2019-11-14T09:52:30","modified_gmt":"2019-11-14T08:52:30","slug":"quieres-colaborar","status":"publish","type":"page","link":"https:\/\/conversesacatalunya.cat\/es\/quieres-colaborar\/","title":{"rendered":"\u00bfQuieres colaborar?"},"content":{"rendered":"<section class=\"l-section wpb_row height_small\"><div class=\"l-section-h i-cf\"><div class=\"g-cols vc_row via_flex valign_top type_default stacking_default\"><div class=\"vc_col-sm-12 wpb_column vc_column_container\"><div class=\"vc_column-inner\"><div class=\"wpb_wrapper\"><div class=\"wpb_text_column\"><div class=\"wpb_wrapper\"><h1>\u00bfQuieres colaborar en Converses a Catalunya?<\/h1>\n<div id=\"gtx-trans\" style=\"position: absolute; left: 12px; top: -7px;\">\n<div class=\"gtx-trans-icon\"><\/div>\n<\/div>\n<\/div><\/div><div class=\"w-separator size_small\"><\/div><div class=\"wpb_text_column\"><div class=\"wpb_wrapper\"><p>Te invitamos a participar y ser un miembro activo de la comunidad\u00a0<strong>Converses a Catalunya<\/strong>.<\/p>\n<ul>\n<li>Perseguimos favorecer la configuraci\u00f3n de un gran espacio central en la pol\u00edtica catalana.<\/li>\n<li>Nos proponemos estimular una nueva cultura pol\u00edtica fundamentada en la competencia positiva, el di\u00e1logo transaccional y la b\u00fasqueda de acuerdos para generar sinergias positivas entre los actores pol\u00edticos, sociales, culturales y econ\u00f3micos.<\/li>\n<li>Queremos incentivar un espacio para la conversaci\u00f3n entre todo tipo de personas y grupos e instituciones, que estructuran la sociedad civil, y promover una red transversal, de relaciones de mutuo enriquecimiento, que potencie las capacidades pol\u00edticas y culturales de sus miembros, propiciando la m\u00e1xima difusi\u00f3n de sus prop\u00f3sitos e iniciativas, sobre todo a trav\u00e9s de internet.<\/li>\n<li>Tenemos como finalidad llegar directamente al m\u00e1ximo n\u00famero de ciudadanos e interactuar con ellos.<\/li>\n<\/ul>\n<p><strong>Apoya la iniciativa y participa en ella:<\/strong><\/p>\n<div id=\"gtx-trans\" style=\"position: absolute; left: 685px; top: -7px;\">\n<div class=\"gtx-trans-icon\"><\/div>\n<\/div>\n<\/div><\/div><div class=\"w-separator size_small\"><\/div><div class=\"g-cols wpb_row via_flex valign_top type_default stacking_default\"><div class=\"vc_col-sm-6 wpb_column vc_column_container caja_azul\"><div class=\"vc_column-inner\"><div class=\"wpb_wrapper\"><div class=\"wpb_text_column\"><div class=\"wpb_wrapper\">\n<div class=\"wpcf7 no-js\" id=\"wpcf7-f27856-o1\" lang=\"ca\" dir=\"ltr\" data-wpcf7-id=\"27856\">\n<div class=\"screen-reader-response\"><p role=\"status\" aria-live=\"polite\" aria-atomic=\"true\"><\/p> <ul><\/ul><\/div>\n<form action=\"\/es\/wp-json\/wp\/v2\/pages\/27808#wpcf7-f27856-o1\" method=\"post\" class=\"wpcf7-form init c4250577650b cmatic-conn cmatic-aud-8 cmatic-mapd0-0 cmatic-v0973 cmatic-sent-0 cmatic-total-0 wpcf7-acceptance-as-validation\" aria-label=\"Formulari de contacte\" novalidate=\"novalidate\" data-status=\"init\">\n<fieldset class=\"hidden-fields-container\"><input type=\"hidden\" name=\"_wpcf7\" value=\"27856\" \/><input type=\"hidden\" name=\"_wpcf7_version\" value=\"6.1.4\" \/><input type=\"hidden\" name=\"_wpcf7_locale\" value=\"ca\" \/><input type=\"hidden\" name=\"_wpcf7_unit_tag\" value=\"wpcf7-f27856-o1\" \/><input type=\"hidden\" name=\"_wpcf7_container_post\" value=\"0\" \/><input type=\"hidden\" name=\"_wpcf7_posted_data_hash\" value=\"\" \/><input type=\"hidden\" name=\"_wpcf7_recaptcha_response\" value=\"\" \/>\n<\/fieldset>\n<p>Tipo de donaci\u00f3n\n<\/p>\n<p><span class=\"wpcf7-form-control-wrap\" data-name=\"TipusDonacio\"><span class=\"wpcf7-form-control wpcf7-checkbox wpcf7-validates-as-required wpcf7-exclusive-checkbox\"><span class=\"wpcf7-list-item first\"><input type=\"checkbox\" name=\"TipusDonacio\" value=\"Donaci\u00f3 peri\u00f2dica\" \/><span class=\"wpcf7-list-item-label\">Donaci\u00f3 peri\u00f2dica<\/span><\/span><span class=\"wpcf7-list-item last\"><input type=\"checkbox\" name=\"TipusDonacio\" value=\"Donaci\u00f3 \u00fanica\" \/><span class=\"wpcf7-list-item-label\">Donaci\u00f3 \u00fanica<\/span><\/span><\/span><\/span>\n<\/p>\n<div class=\"donacio_unica\">\n\t<p><label> Importe <span class=\"wpcf7-form-control-wrap\" data-name=\"import\"><input size=\"40\" maxlength=\"400\" class=\"wpcf7-form-control wpcf7-text\" aria-invalid=\"false\" value=\"\" type=\"text\" name=\"import\" \/><\/span> <\/label>\n\t<\/p>\n<\/div>\n<div class=\"donacio_periodica\">\n\t<p>Opciones de cuota\n\t<\/p>\n\t<p><span class=\"wpcf7-form-control-wrap\" data-name=\"OpcionsQuota\"><span class=\"wpcf7-form-control wpcf7-checkbox wpcf7-exclusive-checkbox\"><span class=\"wpcf7-list-item first\"><input type=\"checkbox\" name=\"OpcionsQuota\" value=\"10\u20ac\/mes\" \/><span class=\"wpcf7-list-item-label\">10\u20ac\/mes<\/span><\/span><span class=\"wpcf7-list-item\"><input type=\"checkbox\" name=\"OpcionsQuota\" value=\"50\u20ac\/mes\" \/><span class=\"wpcf7-list-item-label\">50\u20ac\/mes<\/span><\/span><span class=\"wpcf7-list-item\"><input type=\"checkbox\" name=\"OpcionsQuota\" value=\"150\u20ac\/trimestre\" \/><span class=\"wpcf7-list-item-label\">150\u20ac\/trimestre<\/span><\/span><span class=\"wpcf7-list-item last\"><input type=\"checkbox\" name=\"OpcionsQuota\" value=\"Quota personalitzada\" \/><span class=\"wpcf7-list-item-label\">Quota personalitzada<\/span><\/span><\/span><\/span>\n\t<\/p>\n\t<div class=\"personalitzada\">\n\t\t<p>Cantidad mensual de la cota personalizada:\n\t\t<\/p>\n\t\t<p><span class=\"wpcf7-form-control-wrap\" data-name=\"QuantitatQuotaPersonalitzada\"><input size=\"40\" maxlength=\"400\" class=\"wpcf7-form-control wpcf7-text\" aria-invalid=\"false\" value=\"\" type=\"text\" name=\"QuantitatQuotaPersonalitzada\" \/><\/span>\n\t\t<\/p>\n\t\t<p> Per\u00edodo de la cuota personalizada:\n\t\t<\/p>\n\t\t<p><span class=\"wpcf7-form-control-wrap\" data-name=\"PeriodeQuotaPersonalitzada\"><span class=\"wpcf7-form-control wpcf7-checkbox wpcf7-exclusive-checkbox\"><span class=\"wpcf7-list-item first\"><input type=\"checkbox\" name=\"PeriodeQuotaPersonalitzada\" value=\"Mensual\" \/><span class=\"wpcf7-list-item-label\">Mensual<\/span><\/span><span class=\"wpcf7-list-item\"><input type=\"checkbox\" name=\"PeriodeQuotaPersonalitzada\" value=\"Trimestral\" \/><span class=\"wpcf7-list-item-label\">Trimestral<\/span><\/span><span class=\"wpcf7-list-item\"><input type=\"checkbox\" name=\"PeriodeQuotaPersonalitzada\" value=\"Semestral\" \/><span class=\"wpcf7-list-item-label\">Semestral<\/span><\/span><span class=\"wpcf7-list-item last\"><input type=\"checkbox\" name=\"PeriodeQuotaPersonalitzada\" value=\"Anual\" \/><span class=\"wpcf7-list-item-label\">Anual<\/span><\/span><\/span><\/span>\n\t\t<\/p>\n\t<\/div>\n<\/div>\n<p><label> Cuenta bancaria <span class=\"wpcf7-form-control-wrap\" data-name=\"compte_bancari\"><input size=\"40\" maxlength=\"400\" class=\"wpcf7-form-control wpcf7-text wpcf7-validates-as-required\" aria-required=\"true\" aria-invalid=\"false\" placeholder=\"IBAN ES\" value=\"\" type=\"text\" name=\"compte_bancari\" \/><\/span> <\/label>\n<\/p>\n<h6 style=\"text-align: left;\"><b>Llena los datos para poder recibir el certificado de donaci\u00f3n:<\/b>\n<\/h6>\n<p><label> Elige una opci\u00f3n<span class=\"wpcf7-form-control-wrap\" data-name=\"tria_opcio\"><select class=\"wpcf7-form-control wpcf7-select wpcf7-validates-as-required\" aria-required=\"true\" aria-invalid=\"false\" name=\"tria_opcio\"><option value=\"Persona f\u00edsica\">Persona f\u00edsica<\/option><option value=\"Persona jur\u00eddica\">Persona jur\u00eddica<\/option><\/select><\/span> <\/label>\n<\/p>\n<div class=\"persona_fisica\">\n\t<p><label> Nombre <span class=\"wpcf7-form-control-wrap\" data-name=\"nom\"><input size=\"40\" maxlength=\"400\" class=\"wpcf7-form-control wpcf7-text\" aria-invalid=\"false\" value=\"\" type=\"text\" name=\"nom\" \/><\/span> <\/label><br \/>\n<label> Apellidos <span class=\"wpcf7-form-control-wrap\" data-name=\"cognoms\"><input size=\"40\" maxlength=\"400\" class=\"wpcf7-form-control wpcf7-text\" aria-invalid=\"false\" value=\"\" type=\"text\" name=\"cognoms\" \/><\/span> <\/label><br \/>\n<label> DNI <span class=\"wpcf7-form-control-wrap\" data-name=\"dni\"><input size=\"40\" maxlength=\"400\" class=\"wpcf7-form-control wpcf7-text\" aria-invalid=\"false\" value=\"\" type=\"text\" name=\"dni\" \/><\/span> <\/label><br \/>\n<label> Direcci\u00f3n postal <span class=\"wpcf7-form-control-wrap\" data-name=\"adreca_postal_persona\"><input size=\"40\" maxlength=\"400\" class=\"wpcf7-form-control wpcf7-text\" aria-invalid=\"false\" value=\"\" type=\"text\" name=\"adreca_postal_persona\" \/><\/span> <\/label><br \/>\n<label> Correo electr\u00f3nico <span class=\"wpcf7-form-control-wrap\" data-name=\"correu_electronic_persona\"><input size=\"40\" maxlength=\"400\" class=\"wpcf7-form-control wpcf7-text\" aria-invalid=\"false\" value=\"\" type=\"text\" name=\"correu_electronic_persona\" \/><\/span> <\/label>\n\t<\/p>\n<\/div>\n<div class=\"persona_juridica\">\n\t<p><label> Empresa <span class=\"wpcf7-form-control-wrap\" data-name=\"empresa\"><input size=\"40\" maxlength=\"400\" class=\"wpcf7-form-control wpcf7-text\" aria-invalid=\"false\" value=\"\" type=\"text\" name=\"empresa\" \/><\/span> <\/label><br \/>\n<label> CIF <span class=\"wpcf7-form-control-wrap\" data-name=\"cif\"><input size=\"40\" maxlength=\"400\" class=\"wpcf7-form-control wpcf7-text\" aria-invalid=\"false\" value=\"\" type=\"text\" name=\"cif\" \/><\/span> <\/label><br \/>\n<label> Persona de contacto <span class=\"wpcf7-form-control-wrap\" data-name=\"persona_de_contacte\"><input size=\"40\" maxlength=\"400\" class=\"wpcf7-form-control wpcf7-text\" aria-invalid=\"false\" value=\"\" type=\"text\" name=\"persona_de_contacte\" \/><\/span> <\/label><br \/>\n<label> Direcci\u00f3n postal <span class=\"wpcf7-form-control-wrap\" data-name=\"adreca_postal_empresa\"><input size=\"40\" maxlength=\"400\" class=\"wpcf7-form-control wpcf7-text\" aria-invalid=\"false\" value=\"\" type=\"text\" name=\"adreca_postal_empresa\" \/><\/span> <\/label><br \/>\n<label> Correo electr\u00f3nico <span class=\"wpcf7-form-control-wrap\" data-name=\"correu_electronic_empresa\"><input size=\"40\" maxlength=\"400\" class=\"wpcf7-form-control wpcf7-text\" aria-invalid=\"false\" value=\"\" type=\"text\" name=\"correu_electronic_empresa\" \/><\/span> <\/label>\n\t<\/p>\n<\/div>\n<input class=\"wpcf7-form-control wpcf7-hidden\" value=\"1\" type=\"hidden\" name=\"subscriptor_pagament\" \/>\n<p><span class=\"wpcf7-form-control-wrap\" data-name=\"rgpd-acepto\"><span class=\"wpcf7-form-control wpcf7-acceptance\"><span class=\"wpcf7-list-item\"><label><input type=\"checkbox\" name=\"rgpd-acepto\" value=\"1\" aria-invalid=\"false\" \/><span class=\"wpcf7-list-item-label\">Acepto la <a href=\"https:\/\/conversesacatalunya.cat\/es\/politica-de-privacidad\/\" target=\"_blank\" rel=\"nofollow\">pol\u00edtica de privacidad<\/a><\/span><\/label><\/span><\/span><\/span>\n<\/p>\n<p><input class=\"wpcf7-form-control wpcf7-submit has-spinner\" type=\"submit\" value=\"Enviar datos\" \/>\n<\/p><p style=\"display: none !important;\" class=\"akismet-fields-container\" data-prefix=\"_wpcf7_ak_\"><label>&#916;<textarea name=\"_wpcf7_ak_hp_textarea\" cols=\"45\" rows=\"8\" maxlength=\"100\"><\/textarea><\/label><input type=\"hidden\" id=\"ak_js_1\" name=\"_wpcf7_ak_js\" value=\"150\"\/><script>document.getElementById( \"ak_js_1\" ).setAttribute( \"value\", ( new Date() ).getTime() );<\/script><\/p><input type='hidden' class='wpcf7-pum' value='{\"closepopup\":false,\"closedelay\":0,\"openpopup\":false,\"openpopup_id\":0}' \/><div class=\"wpcf7-response-output\" aria-hidden=\"true\"><\/div>\n<\/form>\n<\/div>\n\n<div id=\"gtx-trans\" style=\"position: absolute; left: 184px; top: -7px;\">\n<div class=\"gtx-trans-icon\"><\/div>\n<\/div>\n<\/div><\/div><\/div><\/div><\/div><div class=\"vc_col-sm-6 wpb_column vc_column_container\"><div class=\"vc_column-inner\"><div class=\"wpb_wrapper\">[vc_raw_js]JTNDc2NyaXB0JTIwdHlwZSUzRCUyMnRleHQlMkZqYXZhc2NyaXB0JTIyJTNFJTBBJTBBalF1ZXJ5JTI4JTIyLnBlcnNvbmFsaXR6YWRhJTIyJTI5LmhpZGUlMjglMjklM0IlMEFqUXVlcnklMjglMjIuZG9uYWNpb191bmljYSUyMiUyOS5oaWRlJTI4JTI5JTNCJTBBalF1ZXJ5JTI4JTIyLmRvbmFjaW9fcGVyaW9kaWNhJTIyJTI5LmhpZGUlMjglMjklM0IlMEFqUXVlcnklMjglMjIucGVyc29uYV9qdXJpZGljYSUyMiUyOS5oaWRlJTI4JTI5JTNCJTBBJTBBJTBBalF1ZXJ5JTI4JTI3JTVCbmFtZSUzRFRpcHVzRG9uYWNpbyU1RCUyNyUyOS5jaGFuZ2UlMjhmdW5jdGlvbiUyOCUyOSUyMCU3QiUwQSUyMCUyMCUyMCUyMGlmJTI4alF1ZXJ5JTI4dGhpcyUyOS52YWwlMjglMjklM0QlM0QlMjJEb25hY2klQzMlQjMlMjAlQzMlQkFuaWNhJTIyJTIwJTI2JTI2JTIwalF1ZXJ5JTI4dGhpcyUyOS5pcyUyOCUyNyUzQWNoZWNrZWQlMjclMjklMjklMjAlN0IlMEElMjAlMjAlMjAlMjAlMjAlMjAlMjAlMjBqUXVlcnklMjglMjIuZG9uYWNpb191bmljYSUyMiUyOS5zaG93JTI4JTI5JTNCJTBBJTIwJTIwJTIwJTIwJTIwJTIwJTIwJTIwalF1ZXJ5JTI4JTIyLmRvbmFjaW9fcGVyaW9kaWNhJTIyJTI5LmhpZGUlMjglMjklM0IlMEElMjAlMjAlMjAlMjAlN0QlMEElMjAlMjAlMjAlMjBlbHNlJTIwaWYlMjAlMjhqUXVlcnklMjh0aGlzJTI5LnZhbCUyOCUyOSUzRCUzRCUyMkRvbmFjaSVDMyVCMyUyMHBlcmklQzMlQjJkaWNhJTIyJTIwJTI2JTI2JTIwalF1ZXJ5JTI4dGhpcyUyOS5pcyUyOCUyNyUzQWNoZWNrZWQlMjclMjklMjklMjAlN0IlMEElMjAlMjAlMjAlMjAlMjAlMjAlMjAlMjBqUXVlcnklMjglMjIuZG9uYWNpb191bmljYSUyMiUyOS5oaWRlJTI4JTI5JTNCJTBBJTIwJTIwJTIwJTIwJTIwJTIwJTIwJTIwalF1ZXJ5JTI4JTIyLmRvbmFjaW9fcGVyaW9kaWNhJTIyJTI5LnNob3clMjglMjklM0IlMEElMjAlMjAlMjAlMjAlN0QlMEElMjAlMjAlMjAlMjBlbHNlJTIwJTdCJTBBJTIwJTIwJTIwJTIwJTIwJTIwJTIwJTIwalF1ZXJ5JTI4JTIyLmRvbmFjaW9fdW5pY2ElMjIlMjkuaGlkZSUyOCUyOSUzQiUwQSUyMCUyMCUyMCUyMCUyMCUyMCUyMCUyMGpRdWVyeSUyOCUyMi5kb25hY2lvX3BlcmlvZGljYSUyMiUyOS5oaWRlJTI4JTI5JTNCJTBBJTIwJTIwJTIwJTIwJTdEJTBBJTdEJTI5JTNCJTBBJTBBJTBBalF1ZXJ5JTI4JTI3JTVCbmFtZSUzRE9wY2lvbnNRdW90YSU1RCUyNyUyOS5jaGFuZ2UlMjhmdW5jdGlvbiUyOCUyOSUyMCU3QiUwQSUyMCUyMCUyMCUyMGlmJTI4alF1ZXJ5JTI4dGhpcyUyOS52YWwlMjglMjklM0QlM0QlMjJRdW90YSUyMHBlcnNvbmFsaXR6YWRhJTIyJTIwJTI2JTI2JTIwalF1ZXJ5JTI4dGhpcyUyOS5pcyUyOCUyNyUzQWNoZWNrZWQlMjclMjklMjklMjAlN0IlMEElMjAlMjAlMjAlMjAlMjAlMjAlMjAlMjBqUXVlcnklMjglMjIucGVyc29uYWxpdHphZGElMjIlMjkuc2hvdyUyOCUyOSUzQiUwQSUyMCUyMCUyMCUyMCU3RCUwQSUyMCUyMCUyMCUyMGVsc2UlMjAlN0IlMEElMjAlMjAlMjAlMjAlMjAlMjAlMjAlMjBqUXVlcnklMjglMjIucGVyc29uYWxpdHphZGElMjIlMjkuaGlkZSUyOCUyOSUzQiUwQSUyMCUyMCUyMCUyMCU3RCUwQSU3RCUyOSUzQiUwQSUwQWpRdWVyeSUyOCUyNyU1Qm5hbWUlM0R0cmlhX29wY2lvJTVEJTI3JTI5LmNoYW5nZSUyOGZ1bmN0aW9uJTI4JTI5JTIwJTdCJTBBJTIwJTIwJTIwJTIwaWYlMjhqUXVlcnklMjh0aGlzJTI5LnZhbCUyOCUyOSUzRCUzRCUyMlBlcnNvbmElMjBmJUMzJUFEc2ljYSUyMiUyOSUyMCU3QiUwQSUyMCUyMCUyMCUyMCUyMCUyMCUyMCUyMGpRdWVyeSUyOCUyMi5wZXJzb25hX2Zpc2ljYSUyMiUyOS5zaG93JTI4JTI5JTNCJTBBJTIwJTIwJTIwJTIwJTIwJTIwJTIwJTIwalF1ZXJ5JTI4JTIyLnBlcnNvbmFfanVyaWRpY2ElMjIlMjkuaGlkZSUyOCUyOSUzQiUwQSUyMCUyMCUyMCUyMCU3RCUwQSUyMCUyMCUyMCUyMGVsc2UlMjAlN0IlMEElMjAlMjAlMjAlMjAlMjAlMjAlMjAlMjBqUXVlcnklMjglMjIucGVyc29uYV9maXNpY2ElMjIlMjkuaGlkZSUyOCUyOSUzQiUwQSUyMCUyMCUyMCUyMCUyMCUyMCUyMCUyMGpRdWVyeSUyOCUyMi5wZXJzb25hX2p1cmlkaWNhJTIyJTI5LnNob3clMjglMjklM0IlMEElMjAlMjAlMjAlMjAlN0QlMEElN0QlMjklM0IlMEElMEElM0MlMkZzY3JpcHQlM0U=[\/vc_raw_js]<\/div><\/div><\/div><\/div><\/div><\/div><\/div><\/div><\/div><\/section>\n","protected":false},"excerpt":{"rendered":"\u00bfQuieres colaborar en Converses a Catalunya? Te invitamos a participar y ser un miembro activo de la comunidad\u00a0Converses a Catalunya. Perseguimos favorecer la configuraci\u00f3n de un gran espacio central en la pol\u00edtica catalana. Nos proponemos estimular una nueva cultura pol\u00edtica fundamentada en la competencia positiva, el di\u00e1logo transaccional y la b\u00fasqueda de acuerdos para generar sinergias positivas entre los actores pol\u00edticos, sociales, culturales y econ\u00f3micos. Queremos incentivar un espacio para la conversaci\u00f3n entre todo tipo de personas y grupos e instituciones, que estructuran la sociedad civil, y promover una red transversal, de relaciones de mutuo enriquecimiento, que potencie las capacidades pol\u00edticas y culturales de sus miembros, propiciando la m\u00e1xima difusi\u00f3n de sus prop\u00f3sitos e iniciativas, sobre todo a trav\u00e9s de internet. Tenemos como finalidad llegar directamente al m\u00e1ximo n\u00famero de ciudadanos e interactuar con ellos. Apoya la iniciativa y participa en ella: Tipo de donaci\u00f3n Donaci\u00f3 peri\u00f2dicaDonaci\u00f3 \u00fanica Importe Opciones de cuota 10\u20ac\/mes50\u20ac\/mes150\u20ac\/trimestreQuota personalitzada Cantidad mensual de la cota personalizada: Per\u00edodo de la cuota personalizada: MensualTrimestralSemestralAnual Cuenta bancaria Llena los datos para poder recibir el certificado de donaci\u00f3n: Elige una opci\u00f3nPersona f\u00edsicaPersona jur\u00eddica Nombre Apellidos DNI Direcci\u00f3n postal Correo electr\u00f3nico Empresa CIF Persona de contacto Direcci\u00f3n postal Correo electr\u00f3nico Acepto la pol\u00edtica de privacidad &#916; [vc_raw_js]JTNDc2NyaXB0JTIwdHlwZSUzRCUyMnRleHQlMkZqYXZhc2NyaXB0JTIyJTNFJTBBJTBBalF1ZXJ5JTI4JTIyLnBlcnNvbmFsaXR6YWRhJTIyJTI5LmhpZGUlMjglMjklM0IlMEFqUXVlcnklMjglMjIuZG9uYWNpb191bmljYSUyMiUyOS5oaWRlJTI4JTI5JTNCJTBBalF1ZXJ5JTI4JTIyLmRvbmFjaW9fcGVyaW9kaWNhJTIyJTI5LmhpZGUlMjglMjklM0IlMEFqUXVlcnklMjglMjIucGVyc29uYV9qdXJpZGljYSUyMiUyOS5oaWRlJTI4JTI5JTNCJTBBJTBBJTBBalF1ZXJ5JTI4JTI3JTVCbmFtZSUzRFRpcHVzRG9uYWNpbyU1RCUyNyUyOS5jaGFuZ2UlMjhmdW5jdGlvbiUyOCUyOSUyMCU3QiUwQSUyMCUyMCUyMCUyMGlmJTI4alF1ZXJ5JTI4dGhpcyUyOS52YWwlMjglMjklM0QlM0QlMjJEb25hY2klQzMlQjMlMjAlQzMlQkFuaWNhJTIyJTIwJTI2JTI2JTIwalF1ZXJ5JTI4dGhpcyUyOS5pcyUyOCUyNyUzQWNoZWNrZWQlMjclMjklMjklMjAlN0IlMEElMjAlMjAlMjAlMjAlMjAlMjAlMjAlMjBqUXVlcnklMjglMjIuZG9uYWNpb191bmljYSUyMiUyOS5zaG93JTI4JTI5JTNCJTBBJTIwJTIwJTIwJTIwJTIwJTIwJTIwJTIwalF1ZXJ5JTI4JTIyLmRvbmFjaW9fcGVyaW9kaWNhJTIyJTI5LmhpZGUlMjglMjklM0IlMEElMjAlMjAlMjAlMjAlN0QlMEElMjAlMjAlMjAlMjBlbHNlJTIwaWYlMjAlMjhqUXVlcnklMjh0aGlzJTI5LnZhbCUyOCUyOSUzRCUzRCUyMkRvbmFjaSVDMyVCMyUyMHBlcmklQzMlQjJkaWNhJTIyJTIwJTI2JTI2JTIwalF1ZXJ5JTI4dGhpcyUyOS5pcyUyOCUyNyUzQWNoZWNrZWQlMjclMjklMjklMjAlN0IlMEElMjAlMjAlMjAlMjAlMjAlMjAlMjAlMjBqUXVlcnklMjglMjIuZG9uYWNpb191bmljYSUyMiUyOS5oaWRlJTI4JTI5JTNCJTBBJTIwJTIwJTIwJTIwJTIwJTIwJTIwJTIwalF1ZXJ5JTI4JTIyLmRvbmFjaW9fcGVyaW9kaWNhJTIyJTI5LnNob3clMjglMjklM0IlMEElMjAlMjAlMjAlMjAlN0QlMEElMjAlMjAlMjAlMjBlbHNlJTIwJTdCJTBBJTIwJTIwJTIwJTIwJTIwJTIwJTIwJTIwalF1ZXJ5JTI4JTIyLmRvbmFjaW9fdW5pY2ElMjIlMjkuaGlkZSUyOCUyOSUzQiUwQSUyMCUyMCUyMCUyMCUyMCUyMCUyMCUyMGpRdWVyeSUyOCUyMi5kb25hY2lvX3BlcmlvZGljYSUyMiUyOS5oaWRlJTI4JTI5JTNCJTBBJTIwJTIwJTIwJTIwJTdEJTBBJTdEJTI5JTNCJTBBJTBBJTBBalF1ZXJ5JTI4JTI3JTVCbmFtZSUzRE9wY2lvbnNRdW90YSU1RCUyNyUyOS5jaGFuZ2UlMjhmdW5jdGlvbiUyOCUyOSUyMCU3QiUwQSUyMCUyMCUyMCUyMGlmJTI4alF1ZXJ5JTI4dGhpcyUyOS52YWwlMjglMjklM0QlM0QlMjJRdW90YSUyMHBlcnNvbmFsaXR6YWRhJTIyJTIwJTI2JTI2JTIwalF1ZXJ5JTI4dGhpcyUyOS5pcyUyOCUyNyUzQWNoZWNrZWQlMjclMjklMjklMjAlN0IlMEElMjAlMjAlMjAlMjAlMjAlMjAlMjAlMjBqUXVlcnklMjglMjIucGVyc29uYWxpdHphZGElMjIlMjkuc2hvdyUyOCUyOSUzQiUwQSUyMCUyMCUyMCUyMCU3RCUwQSUyMCUyMCUyMCUyMGVsc2UlMjAlN0IlMEElMjAlMjAlMjAlMjAlMjAlMjAlMjAlMjBqUXVlcnklMjglMjIucGVyc29uYWxpdHphZGElMjIlMjkuaGlkZSUyOCUyOSUzQiUwQSUyMCUyMCUyMCUyMCU3RCUwQSU3RCUyOSUzQiUwQSUwQWpRdWVyeSUyOCUyNyU1Qm5hbWUlM0R0cmlhX29wY2lvJTVEJTI3JTI5LmNoYW5nZSUyOGZ1bmN0aW9uJTI4JTI5JTIwJTdCJTBBJTIwJTIwJTIwJTIwaWYlMjhqUXVlcnklMjh0aGlzJTI5LnZhbCUyOCUyOSUzRCUzRCUyMlBlcnNvbmElMjBmJUMzJUFEc2ljYSUyMiUyOSUyMCU3QiUwQSUyMCUyMCUyMCUyMCUyMCUyMCUyMCUyMGpRdWVyeSUyOCUyMi5wZXJzb25hX2Zpc2ljYSUyMiUyOS5zaG93JTI4JTI5JTNCJTBBJTIwJTIwJTIwJTIwJTIwJTIwJTIwJTIwalF1ZXJ5JTI4JTIyLnBlcnNvbmFfanVyaWRpY2ElMjIlMjkuaGlkZSUyOCUyOSUzQiUwQSUyMCUyMCUyMCUyMCU3RCUwQSUyMCUyMCUyMCUyMGVsc2UlMjAlN0IlMEElMjAlMjAlMjAlMjAlMjAlMjAlMjAlMjBqUXVlcnklMjglMjIucGVyc29uYV9maXNpY2ElMjIlMjkuaGlkZSUyOCUyOSUzQiUwQSUyMCUyMCUyMCUyMCUyMCUyMCUyMCUyMGpRdWVyeSUyOCUyMi5wZXJzb25hX2p1cmlkaWNhJTIyJTI5LnNob3clMjglMjklM0IlMEElMjAlMjAlMjAlMjAlN0QlMEElN0QlMjklM0IlMEElMEElM0MlMkZzY3JpcHQlM0U=[\/vc_raw_js]","protected":false},"author":1,"featured_media":0,"parent":0,"menu_order":0,"comment_status":"closed","ping_status":"closed","template":"","meta":{"_FSMCFIC_featured_image_caption":"","_FSMCFIC_featured_image_nocaption":"","_FSMCFIC_featured_image_hide":"","footnotes":""},"class_list":["post-27808","page","type-page","status-publish","hentry"],"yoast_head":"<!-- This site is optimized with the Yoast SEO plugin v26.8 - https:\/\/yoast.com\/product\/yoast-seo-wordpress\/ -->\n<title>\u00bfQuieres colaborar? - Converses a Catalunya<\/title>\n<meta name=\"robots\" content=\"noindex, nofollow\" \/>\n<meta property=\"og:locale\" content=\"es_ES\" \/>\n<meta property=\"og:type\" content=\"article\" \/>\n<meta property=\"og:title\" content=\"\u00bfQuieres colaborar? - Converses a Catalunya\" \/>\n<meta property=\"og:url\" content=\"https:\/\/conversesacatalunya.cat\/es\/quieres-colaborar\/\" \/>\n<meta property=\"og:site_name\" content=\"Converses a Catalunya\" \/>\n<meta property=\"article:modified_time\" content=\"2019-11-14T08:52:30+00:00\" \/>\n<meta name=\"twitter:card\" content=\"summary_large_image\" \/>\n<meta name=\"twitter:label1\" content=\"Tiempo de lectura\" \/>\n\t<meta name=\"twitter:data1\" content=\"2 minutos\" \/>\n<script type=\"application\/ld+json\" class=\"yoast-schema-graph\">{\"@context\":\"https:\/\/schema.org\",\"@graph\":[{\"@type\":\"WebPage\",\"@id\":\"https:\/\/conversesacatalunya.cat\/es\/quieres-colaborar\/\",\"url\":\"https:\/\/conversesacatalunya.cat\/es\/quieres-colaborar\/\",\"name\":\"\u00bfQuieres colaborar? - Converses a Catalunya\",\"isPartOf\":{\"@id\":\"https:\/\/conversesacatalunya.cat\/#website\"},\"datePublished\":\"2019-01-18T14:07:26+00:00\",\"dateModified\":\"2019-11-14T08:52:30+00:00\",\"breadcrumb\":{\"@id\":\"https:\/\/conversesacatalunya.cat\/es\/quieres-colaborar\/#breadcrumb\"},\"inLanguage\":\"es\",\"potentialAction\":[{\"@type\":\"ReadAction\",\"target\":[\"https:\/\/conversesacatalunya.cat\/es\/quieres-colaborar\/\"]}]},{\"@type\":\"BreadcrumbList\",\"@id\":\"https:\/\/conversesacatalunya.cat\/es\/quieres-colaborar\/#breadcrumb\",\"itemListElement\":[{\"@type\":\"ListItem\",\"position\":1,\"name\":\"Inici\",\"item\":\"https:\/\/conversesacatalunya.cat\/es\/\"},{\"@type\":\"ListItem\",\"position\":2,\"name\":\"\u00bfQuieres colaborar?\"}]},{\"@type\":\"WebSite\",\"@id\":\"https:\/\/conversesacatalunya.cat\/#website\",\"url\":\"https:\/\/conversesacatalunya.cat\/\",\"name\":\"Converses a Catalunya\",\"description\":\"\",\"potentialAction\":[{\"@type\":\"SearchAction\",\"target\":{\"@type\":\"EntryPoint\",\"urlTemplate\":\"https:\/\/conversesacatalunya.cat\/?s={search_term_string}\"},\"query-input\":{\"@type\":\"PropertyValueSpecification\",\"valueRequired\":true,\"valueName\":\"search_term_string\"}}],\"inLanguage\":\"es\"}]}<\/script>\n<!-- \/ Yoast SEO plugin. -->","yoast_head_json":{"title":"\u00bfQuieres colaborar? - Converses a Catalunya","robots":{"index":"noindex","follow":"nofollow"},"og_locale":"es_ES","og_type":"article","og_title":"\u00bfQuieres colaborar? - Converses a Catalunya","og_url":"https:\/\/conversesacatalunya.cat\/es\/quieres-colaborar\/","og_site_name":"Converses a Catalunya","article_modified_time":"2019-11-14T08:52:30+00:00","twitter_card":"summary_large_image","twitter_misc":{"Tiempo de lectura":"2 minutos"},"schema":{"@context":"https:\/\/schema.org","@graph":[{"@type":"WebPage","@id":"https:\/\/conversesacatalunya.cat\/es\/quieres-colaborar\/","url":"https:\/\/conversesacatalunya.cat\/es\/quieres-colaborar\/","name":"\u00bfQuieres colaborar? - Converses a Catalunya","isPartOf":{"@id":"https:\/\/conversesacatalunya.cat\/#website"},"datePublished":"2019-01-18T14:07:26+00:00","dateModified":"2019-11-14T08:52:30+00:00","breadcrumb":{"@id":"https:\/\/conversesacatalunya.cat\/es\/quieres-colaborar\/#breadcrumb"},"inLanguage":"es","potentialAction":[{"@type":"ReadAction","target":["https:\/\/conversesacatalunya.cat\/es\/quieres-colaborar\/"]}]},{"@type":"BreadcrumbList","@id":"https:\/\/conversesacatalunya.cat\/es\/quieres-colaborar\/#breadcrumb","itemListElement":[{"@type":"ListItem","position":1,"name":"Inici","item":"https:\/\/conversesacatalunya.cat\/es\/"},{"@type":"ListItem","position":2,"name":"\u00bfQuieres colaborar?"}]},{"@type":"WebSite","@id":"https:\/\/conversesacatalunya.cat\/#website","url":"https:\/\/conversesacatalunya.cat\/","name":"Converses a Catalunya","description":"","potentialAction":[{"@type":"SearchAction","target":{"@type":"EntryPoint","urlTemplate":"https:\/\/conversesacatalunya.cat\/?s={search_term_string}"},"query-input":{"@type":"PropertyValueSpecification","valueRequired":true,"valueName":"search_term_string"}}],"inLanguage":"es"}]}},"wps_subtitle":"","_links":{"self":[{"href":"https:\/\/conversesacatalunya.cat\/es\/wp-json\/wp\/v2\/pages\/27808","targetHints":{"allow":["GET"]}}],"collection":[{"href":"https:\/\/conversesacatalunya.cat\/es\/wp-json\/wp\/v2\/pages"}],"about":[{"href":"https:\/\/conversesacatalunya.cat\/es\/wp-json\/wp\/v2\/types\/page"}],"author":[{"embeddable":true,"href":"https:\/\/conversesacatalunya.cat\/es\/wp-json\/wp\/v2\/users\/1"}],"replies":[{"embeddable":true,"href":"https:\/\/conversesacatalunya.cat\/es\/wp-json\/wp\/v2\/comments?post=27808"}],"version-history":[{"count":4,"href":"https:\/\/conversesacatalunya.cat\/es\/wp-json\/wp\/v2\/pages\/27808\/revisions"}],"predecessor-version":[{"id":27843,"href":"https:\/\/conversesacatalunya.cat\/es\/wp-json\/wp\/v2\/pages\/27808\/revisions\/27843"}],"wp:attachment":[{"href":"https:\/\/conversesacatalunya.cat\/es\/wp-json\/wp\/v2\/media?parent=27808"}],"curies":[{"name":"wp","href":"https:\/\/api.w.org\/{rel}","templated":true}]}}